{"id":1674,"date":"2021-11-16T11:50:32","date_gmt":"2021-11-16T11:50:32","guid":{"rendered":"https:\/\/resistenciasalona.com\/?page_id=1674"},"modified":"2025-07-04T10:54:15","modified_gmt":"2025-07-04T10:54:15","slug":"contacto","status":"publish","type":"page","link":"https:\/\/resistenciasalona.com\/?page_id=1674","title":{"rendered":"Contacto"},"content":{"rendered":"<section id=\"bt_bb_section69d432532a10d\"  data-background_image_src=\"'https:\/\/resistenciasalona.com\/wp-content\/uploads\/2021\/01\/Alona-31-scaled.jpg'\" class=\"bt_bb_section bt_bb_top_spacing_large bt_bb_bottom_spacing_medium bt_bb_layout_boxed_1200 bt_bb_vertical_align_top btLazyLoadBackground bt_bb_background_image bt_bb_background_overlay_alternate_gradient bt-dark-skin\" style=\"background-image:url(&#039;https:\/\/resistenciasalona.com\/wp-content\/plugins\/bold-page-builder\/img\/blank.gif&#039;);;background-color:rgb(221,15,15);\"><div class=\"bt_bb_port\"><div class=\"bt_bb_cell\"><div class=\"bt_bb_cell_inner\"><div class=\"bt_bb_row_wrapper\"><div  class=\"bt_bb_row\" ><div  class=\"bt_bb_column col-xl-6 bt_bb_vertical_align_top bt_bb_align_left bt_bb_padding_normal bt_bb_animation_fade_in bt_bb_animation_zoom_out animate\"  data-width=\"6\" data-bt-override-class=\"{}\"><div class=\"bt_bb_column_content\"><div class=\"bt_bb_column_content_inner\"><\/div><\/div><\/div><div  class=\"bt_bb_column col-xl-6 bt_bb_vertical_align_top bt_bb_align_right bt_bb_padding_40 bt_bb_animation_fade_in bt_bb_animation_zoom_out animate\"  data-width=\"6\" data-bt-override-class=\"{}\"><div class=\"bt_bb_column_content\"><div class=\"bt_bb_column_content_inner\"><\/div><\/div><\/div><\/div><\/div><\/div><\/div><\/div><\/section><section id=\"bt_bb_section69d432532a3d4\"  class=\"bt_bb_section bt_bb_top_spacing_medium bt_bb_layout_boxed_1200 bt_bb_vertical_align_top\" style=\"margin-bottom: -20px; z-index: 1;\"><div class=\"bt_bb_port\"><div class=\"bt_bb_cell\"><div class=\"bt_bb_cell_inner\"><div class=\"bt_bb_row_wrapper\"><div  class=\"bt_bb_row\" ><div  class=\"bt_bb_column col-xl-12 bt_bb_vertical_align_top bt_bb_align_center bt_bb_padding_normal bt_bb_animation_fade_in bt_bb_animation_move_up animate\"  data-width=\"12\" data-bt-override-class=\"{}\"><div class=\"bt_bb_column_content\"><div class=\"bt_bb_column_content_inner\"><\/div><\/div><\/div><\/div><\/div><\/div><\/div><\/div><\/section><section id=\"bt_bb_section69d432532abea\"  data-background_image_src=\"''\" class=\"bt_bb_section bt_bb_top_spacing_small bt_bb_bottom_spacing_100 bt_bb_layout_boxed_1200 bt_bb_vertical_align_top btLazyLoadBackground bt_bb_background_image\" style=\"background-image:url(&#039;https:\/\/resistenciasalona.com\/wp-content\/plugins\/bold-page-builder\/img\/blank.gif&#039;);background-position:right top;background-size:contain;\"><div class=\"bt_bb_port\"><div class=\"bt_bb_cell\"><div class=\"bt_bb_cell_inner\"><div class=\"bt_bb_row_wrapper\"><div  class=\"bt_bb_row\" ><div  class=\"bt_bb_column col-xl-6 bt_bb_vertical_align_top bt_bb_align_left bt_bb_padding_normal bt_bb_animation_fade_in bt_bb_animation_zoom_out animate\"  data-width=\"6\" data-bt-override-class=\"{}\"><div class=\"bt_bb_column_content\"><div class=\"bt_bb_column_content_inner\"><header class=\"bt_bb_headline bt_bb_dash_top bt_bb_size_large bt_bb_align_inherit\"><h3><span class=\"bt_bb_headline_content\"><span>Queremos escucharte. \u00a1Somos todo o\u00eddos!<span class=\"bt_bb_outline_text bt_bb_outline_text_align_left bt_bb_outline_text_size_400\"><span>Contacto<\/span><\/span><\/span><\/span><\/h3><\/header><\/div><\/div><\/div><div  class=\"bt_bb_column col-xl-6 bt_bb_vertical_align_top bt_bb_align_left bt_bb_padding_normal\"  data-width=\"6\" data-bt-override-class=\"{}\"><div class=\"bt_bb_column_content\"><div class=\"bt_bb_column_content_inner\"><\/div><\/div><\/div><\/div><\/div><\/div><\/div><\/div><\/section><section id=\"bt_bb_section69d432532aec8\"  class=\"bt_bb_section bt_bb_color_scheme_11 bt_bb_layout_wide bt_bb_vertical_align_top\" ><div class=\"bt_bb_port\"><div class=\"bt_bb_cell\"><div class=\"bt_bb_cell_inner\"><div class=\"bt_bb_row_wrapper bt_bb_row_width_boxed_1200\"><div  class=\"bt_bb_row\" ><div  class=\"bt_bb_column col-xl-4 col-xs-12 col-sm-12 col-md-12 col-lg-4 bt_bb_vertical_align_top bt_bb_align_left bt_bb_padding_normal bt_bb_animation_fade_in bt_bb_animation_zoom_out animate\"  data-width=\"4\" data-bt-override-class=\"{}\"><div class=\"bt_bb_column_content\"><div class=\"bt_bb_column_content_inner\"><div class=\"bt_bb_icon bt_bb_color_scheme_6 bt_bb_style_filled bt_bb_size_normal bt_bb_shape_square bt_bb_target_self bt_bb_align_inherit bt_bb_vertical_position_half_above\" style=\"; --primary-color:#ffffff; --secondary-color:#df160e;\" data-bt-override-class=\"{}\"><span  data-ico-amwerk=\"&#xe9a7;\" class=\"bt_bb_icon_holder\"><\/span><\/div><div class=\"bt_bb_separator bt_bb_border_style_none bt_bb_bottom_spacing_35\" data-bt-override-class=\"null\"><\/div><header class=\"bt_bb_headline bt_bb_dash_none bt_bb_size_small bt_bb_subheadline bt_bb_align_inherit\" style=\"margin-left: 30px;\"><h4><span class=\"bt_bb_headline_content\"><span>Donostia - San Sebasti\u00e1n<\/span><\/span><\/h4><div class=\"bt_bb_headline_subheadline\">Paseo Ubarburu, 11 (Plg. Ind. 27)<br \/>\r\n20014 SAN SEBASTI\u00c1N<\/div><\/header><div class=\"bt_bb_separator bt_bb_border_style_none bt_bb_bottom_spacing_35\" data-bt-override-class=\"null\"><\/div><div class=\"bt_bb_separator bt_bb_border_style_none bt_bb_bottom_spacing_35 bt_bb_hidden_md bt_bb_hidden_lg\" data-bt-override-class=\"null\"><\/div><\/div><\/div><\/div><div  class=\"bt_bb_column col-xl-4 col-xs-12 col-sm-12 col-md-12 col-lg-4 bt_bb_vertical_align_top bt_bb_align_left bt_bb_padding_normal bt_bb_animation_fade_in bt_bb_animation_zoom_out animate\"  data-width=\"4\" data-bt-override-class=\"{}\"><div class=\"bt_bb_column_content\"><div class=\"bt_bb_column_content_inner\"><div class=\"bt_bb_icon bt_bb_color_scheme_6 bt_bb_style_filled bt_bb_size_normal bt_bb_shape_square bt_bb_target_self bt_bb_align_inherit bt_bb_vertical_position_half_above\" style=\"; --primary-color:#ffffff; --secondary-color:#df160e;\" data-bt-override-class=\"{}\"><span  data-ico-amwerk=\"&#xe9b9;\" class=\"bt_bb_icon_holder\"><\/span><\/div><div class=\"bt_bb_separator bt_bb_border_style_none bt_bb_bottom_spacing_35\" data-bt-override-class=\"null\"><\/div><header class=\"bt_bb_headline bt_bb_dash_none bt_bb_size_small bt_bb_subheadline bt_bb_align_inherit\" style=\"margin-left: 30px;\"><h4><span class=\"bt_bb_headline_content\"><span><a href=\"mailto:alona@resistenciasalona.com\" target=\"_self\" title=\"Email \">Email <\/a><\/span><\/span><\/h4><div class=\"bt_bb_headline_subheadline\">alona@resistenciasalona.com<\/div><\/header><div class=\"bt_bb_separator bt_bb_border_style_none bt_bb_bottom_spacing_35\" data-bt-override-class=\"null\"><\/div><div class=\"bt_bb_separator bt_bb_border_style_none bt_bb_bottom_spacing_35 bt_bb_hidden_md bt_bb_hidden_lg\" data-bt-override-class=\"null\"><\/div><\/div><\/div><\/div><div  class=\"bt_bb_column col-xl-4 col-xs-12 col-sm-12 col-md-12 col-lg-4 bt_bb_vertical_align_top bt_bb_align_left bt_bb_padding_normal bt_bb_animation_fade_in bt_bb_animation_zoom_out animate\"  data-width=\"4\" data-bt-override-class=\"{}\"><div class=\"bt_bb_column_content\"><div class=\"bt_bb_column_content_inner\"><div class=\"bt_bb_icon bt_bb_color_scheme_6 bt_bb_style_filled bt_bb_size_normal bt_bb_shape_square bt_bb_target_self bt_bb_align_inherit bt_bb_vertical_position_half_above\" style=\"; --primary-color:#ffffff; --secondary-color:#df160e;\" data-bt-override-class=\"{}\"><span  data-ico-amwerk=\"&#xe9c5;\" class=\"bt_bb_icon_holder\"><\/span><\/div><div class=\"bt_bb_separator bt_bb_border_style_none bt_bb_bottom_spacing_35\" data-bt-override-class=\"null\"><\/div><header class=\"bt_bb_headline bt_bb_dash_none bt_bb_size_small bt_bb_subheadline bt_bb_align_inherit\" style=\"margin-left: 30px;\"><h4><span class=\"bt_bb_headline_content\"><span>Ll\u00e1manos<\/span><\/span><\/h4><div class=\"bt_bb_headline_subheadline\">943 45 21 52 <\/div><\/header><div class=\"bt_bb_separator bt_bb_border_style_none bt_bb_bottom_spacing_35\" data-bt-override-class=\"null\"><\/div><\/div><\/div><\/div><\/div><\/div><\/div><\/div><\/div><\/section><section id=\"bt_bb_section69d432532b5e1\"  class=\"bt_bb_section bt_bb_top_spacing_large bt_bb_bottom_spacing_100 bt_bb_color_scheme_2 bt_bb_layout_boxed_1200 bt_bb_vertical_align_top\" style=\"z-index: 1;\"><div class=\"bt_bb_port\"><div class=\"bt_bb_cell\"><div class=\"bt_bb_cell_inner\"><div class=\"bt_bb_row_wrapper\"><div  class=\"bt_bb_row\" ><div  class=\"bt_bb_column col-xl-6 bt_bb_vertical_align_top bt_bb_align_left bt_bb_padding_normal bt_bb_animation_fade_in bt_bb_animation_zoom_out animate\"  data-width=\"6\" data-bt-override-class=\"{}\"><div class=\"bt_bb_column_content\"><div class=\"bt_bb_column_content_inner\"><div class=\"bt_bb_separator bt_bb_border_style_none bt_bb_bottom_spacing_80\" data-bt-override-class=\"null\"><\/div><header class=\"bt_bb_headline bt_bb_dash_none bt_bb_size_normal bt_bb_align_inherit\"><h3><span class=\"bt_bb_headline_content\"><span>Ponte en contacto con nosotros.<br \/>\r\n\u00a1ESCR\u00cdBENOS!<\/span><\/span><\/h3><\/header><div class=\"bt_bb_separator bt_bb_border_style_none bt_bb_bottom_spacing_20\" data-bt-override-class=\"null\"><\/div><header class=\"bt_bb_headline bt_bb_font_weight_400 bt_bb_color_scheme_3 bt_bb_dash_none bt_bb_size_normal bt_bb_align_inherit\"><h3><span class=\"bt_bb_headline_content\"><span><a href=\"mailto:alona@resistenciasalona.com\" target=\"_self\" title=\"alona@resistenciasalona.com\">alona@resistenciasalona.com<\/a><\/span><\/span><\/h3><\/header><div class=\"bt_bb_separator bt_bb_border_style_solid bt_bb_top_spacing_60 bt_bb_bottom_spacing_60\" style=\"; border-width: 1px\" data-bt-override-class=\"null\"><\/div><\/div><\/div><\/div><div  class=\"bt_bb_column col-xl-6 bt_bb_vertical_align_top bt_bb_align_left bt_bb_padding_40 bt_bb_animation_fade_in bt_bb_animation_zoom_out animate\" style=\"margin-top: -40px;\" data-width=\"6\" data-bt-override-class=\"{}\"><div class=\"bt_bb_column_content\" style=\"background-color:rgba(241, 241, 241, 1);\"><div class=\"bt_bb_column_content_inner\"><div class=\"bt_bb_image btImgContentHalfWidth bt_bb_shape_square bt_bb_align_inherit bt_bb_hover_style_simple bt_bb_content_display_always bt_bb_content_align_middle bt_bb_remove_padding_yes bt_bb_fill_background_color_full\" style=\"margin-left: -40px;margin-right: -40px;\"><span><img src = \"https:\/\/resistenciasalona.com\/wp-content\/plugins\/bold-page-builder\/img\/blank.gif\" data-full_image_src=\"https:\/\/resistenciasalona.com\/wp-content\/uploads\/2021\/01\/fachada-1.jpg\" data-image_src=\"https:\/\/resistenciasalona.com\/wp-content\/uploads\/2021\/01\/fachada-1.jpg\" title=\"Edificio de Resistencia Alo\u00f1a\" alt=\"Edificio de Resistencia Alo\u00f1a\" class=\"btLazyLoadImage\"><\/span><\/div><div class=\"bt_bb_separator bt_bb_border_style_none bt_bb_bottom_spacing_40\" data-bt-override-class=\"null\"><\/div><div  class=\"bt_bb_row_inner\" ><div  class=\"bt_bb_column_inner col-xl-12 bt_bb_align_left bt_bb_vertical_align_top\"  data-width=\"12\" data-bt-override-class=\"{}\"><div class=\"bt_bb_column_inner_content\"><div class=\"bt_bb_service bt_bb_color_scheme_6 bt_bb_style_filled bt_bb_size_normal bt_bb_shape_square bt_bb_target_self bt_bb_align_inherit bt_bb_font_weight_600 bt_bb_size_headline_medium\" style=\"; --primary-color:#ffffff; --secondary-color:#df160e;\" data-bt-override-class=\"{&quot;bt_bb_size_&quot;:{&quot;current_class&quot;:&quot;bt_bb_size_normal&quot;,&quot;xl&quot;:&quot;normal&quot;},&quot;bt_bb_align_&quot;:{&quot;current_class&quot;:&quot;bt_bb_align_inherit&quot;,&quot;xl&quot;:&quot;inherit&quot;}}\"><span  data-ico-amwerk=\"&#xe9bd;\" class=\"bt_bb_icon_holder\"><\/span><div class=\"bt_bb_service_content\"><div class=\"bt_bb_service_content_title\">SAN SEBASTI\u00c1N<\/div><div class=\"bt_bb_service_content_text\">FERN\u00c1NDEZ ANDUAGA S.L.<br \/>\r\nAlo\u00f1a, Resistencias Termoel\u00e9ctricas<br \/>\r\nPaseo Ubarburu, 11 (Plg. Ind. 27)<br \/>\r\n20014 SAN SEBASTI\u00c1N<\/div><\/div><\/div><div class=\"bt_bb_separator bt_bb_border_style_none bt_bb_bottom_spacing_60\" data-bt-override-class=\"null\"><\/div><\/div><\/div><\/div><\/div><\/div><\/div><\/div><\/div><\/div><\/div><\/div><\/section><section id=\"bt_bb_section69d432532c632\"  class=\"bt_bb_section bt_bb_layout_boxed_1200\" ><div class=\"bt_bb_port\"><div class=\"bt_bb_cell\"><div class=\"bt_bb_cell_inner\"><\/div><\/div><\/div><\/section>","protected":false},"excerpt":{"rendered":"<p>Uniquely deploy cross-unit benefits with wireless testing procedures. Collaboratively build backward-compatible relationships whereas tactical paradigms. Compellingly reconceptualize compelling outsourcing whereas optimal service.<\/p>\n","protected":false},"author":1,"featured_media":585,"parent":0,"menu_order":0,"comment_status":"closed","ping_status":"closed","template":"","meta":[],"yoast_head":"<!-- This site is optimized with the Yoast SEO plugin v17.5 - https:\/\/yoast.com\/wordpress\/plugins\/seo\/ -->\r\n<title>Contacto - Alo\u00f1a - Resistencias Termoel\u00e9ctricas<\/title>\r\n<meta name=\"description\" content=\"Ponte en contacto con Resistencias Alo\u00f1a\" \/>\r\n<meta name=\"robots\" content=\"index, follow, max-snippet:-1, max-image-preview:large, max-video-preview:-1\" \/>\r\n<link rel=\"canonical\" href=\"https:\/\/resistenciasalona.com\/?page_id=1674\" \/>\r\n<meta property=\"og:locale\" content=\"es_ES\" \/>\r\n<meta property=\"og:type\" content=\"article\" \/>\r\n<meta property=\"og:title\" content=\"Contacto - Alo\u00f1a - Resistencias Termoel\u00e9ctricas\" \/>\r\n<meta property=\"og:description\" content=\"Ponte en contacto con Resistencias Alo\u00f1a\" \/>\r\n<meta property=\"og:url\" content=\"https:\/\/resistenciasalona.com\/?page_id=1674\" \/>\r\n<meta property=\"og:site_name\" content=\"Alo\u00f1a - Resistencias Termoel\u00e9ctricas\" \/>\r\n<meta property=\"article:modified_time\" content=\"2025-07-04T10:54:15+00:00\" \/>\r\n<meta name=\"twitter:card\" content=\"summary_large_image\" \/>\r\n<meta name=\"twitter:label1\" content=\"Tiempo de lectura\" \/>\n\t<meta name=\"twitter:data1\" content=\"11 minutos\" \/>\r\n<script type=\"application\/ld+json\" class=\"yoast-schema-graph\">{\"@context\":\"https:\/\/schema.org\",\"@graph\":[{\"@type\":\"WebSite\",\"@id\":\"https:\/\/resistenciasalona.com\/#website\",\"url\":\"https:\/\/resistenciasalona.com\/\",\"name\":\"Alo\\u00f1a - Resistencias Termoel\\u00e9ctricas\",\"description\":\"Fabricaci\\u00f3n de Resistencias Termoel\\u00e9ctricas para generar calor\",\"potentialAction\":[{\"@type\":\"SearchAction\",\"target\":{\"@type\":\"EntryPoint\",\"urlTemplate\":\"https:\/\/resistenciasalona.com\/?s={search_term_string}\"},\"query-input\":\"required name=search_term_string\"}],\"inLanguage\":\"es\"},{\"@type\":\"ImageObject\",\"@id\":\"https:\/\/resistenciasalona.com\/?page_id=1674#primaryimage\",\"inLanguage\":\"es\",\"url\":\"\",\"contentUrl\":\"\"},{\"@type\":\"WebPage\",\"@id\":\"https:\/\/resistenciasalona.com\/?page_id=1674#webpage\",\"url\":\"https:\/\/resistenciasalona.com\/?page_id=1674\",\"name\":\"Contacto - Alo\\u00f1a - Resistencias Termoel\\u00e9ctricas\",\"isPartOf\":{\"@id\":\"https:\/\/resistenciasalona.com\/#website\"},\"primaryImageOfPage\":{\"@id\":\"https:\/\/resistenciasalona.com\/?page_id=1674#primaryimage\"},\"datePublished\":\"2021-11-16T11:50:32+00:00\",\"dateModified\":\"2025-07-04T10:54:15+00:00\",\"description\":\"Ponte en contacto con Resistencias Alo\\u00f1a\",\"breadcrumb\":{\"@id\":\"https:\/\/resistenciasalona.com\/?page_id=1674#breadcrumb\"},\"inLanguage\":\"es\",\"potentialAction\":[{\"@type\":\"ReadAction\",\"target\":[\"https:\/\/resistenciasalona.com\/?page_id=1674\"]}]},{\"@type\":\"BreadcrumbList\",\"@id\":\"https:\/\/resistenciasalona.com\/?page_id=1674#breadcrumb\",\"itemListElement\":[{\"@type\":\"ListItem\",\"position\":1,\"name\":\"Home\",\"item\":\"https:\/\/resistenciasalona.com\/\"},{\"@type\":\"ListItem\",\"position\":2,\"name\":\"Contacto\"}]}]}<\/script>\r\n<!-- \/ Yoast SEO plugin. -->","yoast_head_json":{"title":"Contacto - Alo\u00f1a - Resistencias Termoel\u00e9ctricas","description":"Ponte en contacto con Resistencias Alo\u00f1a","robots":{"index":"index","follow":"follow","max-snippet":"max-snippet:-1","max-image-preview":"max-image-preview:large","max-video-preview":"max-video-preview:-1"},"canonical":"https:\/\/resistenciasalona.com\/?page_id=1674","og_locale":"es_ES","og_type":"article","og_title":"Contacto - Alo\u00f1a - Resistencias Termoel\u00e9ctricas","og_description":"Ponte en contacto con Resistencias Alo\u00f1a","og_url":"https:\/\/resistenciasalona.com\/?page_id=1674","og_site_name":"Alo\u00f1a - Resistencias Termoel\u00e9ctricas","article_modified_time":"2025-07-04T10:54:15+00:00","twitter_card":"summary_large_image","twitter_misc":{"Tiempo de lectura":"11 minutos"},"schema":{"@context":"https:\/\/schema.org","@graph":[{"@type":"WebSite","@id":"https:\/\/resistenciasalona.com\/#website","url":"https:\/\/resistenciasalona.com\/","name":"Alo\u00f1a - Resistencias Termoel\u00e9ctricas","description":"Fabricaci\u00f3n de Resistencias Termoel\u00e9ctricas para generar calor","potentialAction":[{"@type":"SearchAction","target":{"@type":"EntryPoint","urlTemplate":"https:\/\/resistenciasalona.com\/?s={search_term_string}"},"query-input":"required name=search_term_string"}],"inLanguage":"es"},{"@type":"ImageObject","@id":"https:\/\/resistenciasalona.com\/?page_id=1674#primaryimage","inLanguage":"es","url":"","contentUrl":""},{"@type":"WebPage","@id":"https:\/\/resistenciasalona.com\/?page_id=1674#webpage","url":"https:\/\/resistenciasalona.com\/?page_id=1674","name":"Contacto - Alo\u00f1a - Resistencias Termoel\u00e9ctricas","isPartOf":{"@id":"https:\/\/resistenciasalona.com\/#website"},"primaryImageOfPage":{"@id":"https:\/\/resistenciasalona.com\/?page_id=1674#primaryimage"},"datePublished":"2021-11-16T11:50:32+00:00","dateModified":"2025-07-04T10:54:15+00:00","description":"Ponte en contacto con Resistencias Alo\u00f1a","breadcrumb":{"@id":"https:\/\/resistenciasalona.com\/?page_id=1674#breadcrumb"},"inLanguage":"es","potentialAction":[{"@type":"ReadAction","target":["https:\/\/resistenciasalona.com\/?page_id=1674"]}]},{"@type":"BreadcrumbList","@id":"https:\/\/resistenciasalona.com\/?page_id=1674#breadcrumb","itemListElement":[{"@type":"ListItem","position":1,"name":"Home","item":"https:\/\/resistenciasalona.com\/"},{"@type":"ListItem","position":2,"name":"Contacto"}]}]}},"_links":{"self":[{"href":"https:\/\/resistenciasalona.com\/index.php?rest_route=\/wp\/v2\/pages\/1674"}],"collection":[{"href":"https:\/\/resistenciasalona.com\/index.php?rest_route=\/wp\/v2\/pages"}],"about":[{"href":"https:\/\/resistenciasalona.com\/index.php?rest_route=\/wp\/v2\/types\/page"}],"author":[{"embeddable":true,"href":"https:\/\/resistenciasalona.com\/index.php?rest_route=\/wp\/v2\/users\/1"}],"replies":[{"embeddable":true,"href":"https:\/\/resistenciasalona.com\/index.php?rest_route=%2Fwp%2Fv2%2Fcomments&post=1674"}],"version-history":[{"count":28,"href":"https:\/\/resistenciasalona.com\/index.php?rest_route=\/wp\/v2\/pages\/1674\/revisions"}],"predecessor-version":[{"id":1862,"href":"https:\/\/resistenciasalona.com\/index.php?rest_route=\/wp\/v2\/pages\/1674\/revisions\/1862"}],"wp:featuredmedia":[{"embeddable":true,"href":"https:\/\/resistenciasalona.com\/index.php?rest_route=\/wp\/v2\/media\/585"}],"wp:attachment":[{"href":"https:\/\/resistenciasalona.com\/index.php?rest_route=%2Fwp%2Fv2%2Fmedia&parent=1674"}],"curies":[{"name":"wp","href":"https:\/\/api.w.org\/{rel}","templated":true}]}}