{"id":1812,"date":"2022-09-20T09:56:28","date_gmt":"2022-09-20T09:56:28","guid":{"rendered":"https:\/\/resistenciasalona.com\/?page_id=1812"},"modified":"2022-09-20T09:56:28","modified_gmt":"2022-09-20T09:56:28","slug":"politica-de-privacidad","status":"publish","type":"page","link":"https:\/\/resistenciasalona.com\/?page_id=1812","title":{"rendered":"Pol\u00edtica de privacidad"},"content":{"rendered":"<section id=\"bt_bb_section69e057f93c5cb\"  data-background_image_src=\"''\" class=\"bt_bb_section bt_bb_top_spacing_small bt_bb_bottom_spacing_100 bt_bb_layout_boxed_1200 bt_bb_vertical_align_top btLazyLoadBackground bt_bb_background_image\" style=\"background-image:url(&#039;https:\/\/resistenciasalona.com\/wp-content\/plugins\/bold-page-builder\/img\/blank.gif&#039;);background-position:right top;background-size:contain;\"><div class=\"bt_bb_port\"><div class=\"bt_bb_cell\"><div class=\"bt_bb_cell_inner\"><div class=\"bt_bb_row_wrapper\"><div  class=\"bt_bb_row\" ><div  class=\"bt_bb_column col-xl-12 col-xs-12 col-sm-12 col-md-12 col-lg-12 bt_bb_vertical_align_top bt_bb_align_left bt_bb_padding_normal\"  data-width=\"12\" data-bt-override-class=\"{}\"><div class=\"bt_bb_column_content\"><div class=\"bt_bb_column_content_inner\"><div  class=\"bt_bb_text\" ><\/div><\/div><\/div><\/div><\/div><\/div><\/div><\/div><\/div><\/section><section id=\"bt_bb_section69e057f93caa8\"  data-background_image_src=\"''\" class=\"bt_bb_section bt_bb_top_spacing_small bt_bb_bottom_spacing_100 bt_bb_layout_boxed_1200 bt_bb_vertical_align_top btLazyLoadBackground bt_bb_background_image\" style=\"background-image:url(&#039;https:\/\/resistenciasalona.com\/wp-content\/plugins\/bold-page-builder\/img\/blank.gif&#039;);background-position:right top;background-size:contain;\"><div class=\"bt_bb_port\"><div class=\"bt_bb_cell\"><div class=\"bt_bb_cell_inner\"><div class=\"bt_bb_row_wrapper\"><div  class=\"bt_bb_row\" ><div  class=\"bt_bb_column col-xl-12 col-xs-12 col-sm-12 col-md-12 col-lg-12 bt_bb_vertical_align_top bt_bb_align_left bt_bb_padding_normal\"  data-width=\"12\" data-bt-override-class=\"{}\"><div class=\"bt_bb_column_content\"><div class=\"bt_bb_column_content_inner\"><div  class=\"bt_bb_text\" ><\/div><\/div><\/div><\/div><\/div><\/div><\/div><\/div><\/div><\/section><section id=\"bt_bb_section69e057f93cf33\"  data-background_image_src=\"''\" class=\"bt_bb_section bt_bb_top_spacing_small bt_bb_bottom_spacing_100 bt_bb_layout_boxed_1200 bt_bb_vertical_align_top btLazyLoadBackground bt_bb_background_image\" style=\"background-image:url(&#039;https:\/\/resistenciasalona.com\/wp-content\/plugins\/bold-page-builder\/img\/blank.gif&#039;);background-position:right top;background-size:contain;\"><div class=\"bt_bb_port\"><div class=\"bt_bb_cell\"><div class=\"bt_bb_cell_inner\"><div class=\"bt_bb_row_wrapper\"><div  class=\"bt_bb_row\" ><div  class=\"bt_bb_column col-xl-12 col-xs-12 col-sm-12 col-md-12 col-lg-12 bt_bb_vertical_align_top bt_bb_align_left bt_bb_padding_normal\"  data-width=\"12\" data-bt-override-class=\"{}\"><div class=\"bt_bb_column_content\"><div class=\"bt_bb_column_content_inner\"><div  class=\"bt_bb_text\" ><p><strong>Informaci\u00f3n b\u00e1sica sobre Protecci\u00f3n de Datos<\/strong><\/p>\n<table width=\"624\">\n<tbody>\n<tr>\n<td colspan=\"2\" width=\"624\"><\/td>\n<\/tr>\n<tr>\n<td width=\"104\"><strong>Responsable<\/strong><\/td>\n<td width=\"520\">Fern\u00e1ndez Anduaga S.L. (NIF:B20118477)<\/td>\n<\/tr>\n<tr>\n<td width=\"104\"><strong>Finalidades<\/strong><\/td>\n<td width=\"520\">Ofrece <strong>m\u00e1s de 75 a\u00f1os<\/strong> de experiencia fabricando elementos y aportando el m\u00e1ximo valor a\u00f1adido posible y el \u00e9xito en importantes proyectos de empresas l\u00edderes, locales e internacionales.<\/td>\n<\/tr>\n<tr>\n<td width=\"104\"><strong>Legitimizaci\u00f3n<\/strong><\/td>\n<td width=\"520\">Necesidad del tratamiento de datos para la gesti\u00f3n de nuestros servicios (\u201crelaci\u00f3n contractual\u201d seg\u00fan el art\u00edculo 6.1.b del RGPD) Consentimiento de la persona interesada (RGPD art. 6.1.a) Inter\u00e9s leg\u00edtimo de Fern\u00e1ndez Anduaga S.L. (RGPD art. 6.1.f)<\/td>\n<\/tr>\n<tr>\n<td width=\"104\"><strong>Destinatarios<\/strong><\/td>\n<td width=\"520\">No se prev\u00e9n comunicaciones de datos a terceros externos a Fern\u00e1ndez Anduaga S.L. , salvo obligaci\u00f3n legal o casos espec\u00edficos<\/td>\n<\/tr>\n<tr>\n<td width=\"104\"><strong>Derechos<\/strong><\/td>\n<td width=\"520\">Puede ejercer los derechos relativos a la protecci\u00f3n de sus datos personales en Paseo Ubarburu, 11 (Plg. Ind. 27), Donostia, tel\u00e9fono 943 45 21 52, o en la direcci\u00f3n de correo electr\u00f3nico anduaga@resistenciasalona.com.<\/td>\n<\/tr>\n<\/tbody>\n<\/table>\n<p><strong>\u00a0<\/strong><\/p>\n<p><strong>\u00a0<\/strong><\/p>\n<p><u>Pol\u00edtica de Privacidad y Protecci\u00f3n de datos Personales del sitio web de <strong>Fern\u00e1ndez Anduaga S.L.<\/strong><\/u><\/p>\n<p><strong>Responsable del tratamiento<\/strong><\/p>\n<p>El Responsable del Tratamiento es la empresa <u><strong>Fern\u00e1ndez Anduaga S.L.<\/strong><\/u>, en adelante \u201c<strong>Resistencias Alo\u00f1a<\/strong>\u201d o \u201c<strong>Responsable del Tratamiento<\/strong>\u201d.<\/p>\n<p>NIF: B20118477 Direcci\u00f3n:Paseo Ubarburu, 11 (Plg. Ind. 27), Donostia (Gipuzkoa) Tel\u00e9fono: 943 45 21 52 Correo electr\u00f3nico: anduaga@resistenciasalona.com.<\/p>\n<p><strong>Legislaci\u00f3n aplicable<\/strong><\/p>\n<p>La normativa b\u00e1sica en materia de protecci\u00f3n de datos personales aplicable a los tratamientos de datos que realiza <strong>Resistencias Alo\u00f1a<\/strong> es:<\/p>\n<ol>\n<li>Reglamento UE 2016\/679 del Parlamento Europeo y del Consejo de 27 de abril de 2016 relativo a la protecci\u00f3n de las personas f\u00edsicas en lo que respecta al tratamiento de datos personales y a la libre circulaci\u00f3n de estos datos (\u201c<strong>RGPD<\/strong>\u201d).<\/li>\n<li>Ley Org\u00e1nica 3\/2018, de 5 de diciembre, de Protecci\u00f3n de Datos Personales y garant\u00eda de los derechos digitales (\u201c<strong>LOPDGDD<\/strong>\u201d).<\/li>\n<li>Sus respectivas normas complementarias y de desarrollo.<\/li>\n<\/ol>\n<p><strong>Finalidades y bases jur\u00eddicas legitimadoras<\/strong><\/p>\n<p>En cumplimiento de la normativa vigente sobre Protecci\u00f3n de Datos Personales, se informa a las personas usuarias que los datos personales que faciliten por cualquier medio o herramienta ubicada en el sitio web, APPs o canales oficiales en redes sociales de <strong>Resistencias Alo\u00f1a<\/strong>\u00a0 (mediante correo electr\u00f3nico, formularios, \u00e1reas privadas, soporte de asistencia remota, etc.), o consecuencia de su utilizaci\u00f3n, podr\u00e1n ser incorporados a sistemas de tratamiento de datos de <strong>Resistencias Alo\u00f1a<\/strong>.<strong>\u00a0<\/strong><\/p>\n<p>Las finalidades de los tratamientos de datos que se pueden producir a trav\u00e9s del sitio web de <strong>Resistencias Alo\u00f1a<\/strong> son:<\/p>\n<ol>\n<li>Ofrecer y gestionar nuestros servicios.<\/li>\n<\/ol>\n<p>Base legitimadora principal: Necesidad del tratamiento de datos para la gesti\u00f3n de nuestros servicios (\u201crelaci\u00f3n contractual\u201d seg\u00fan el art\u00edculo 6.1.b del RGPD)<\/p>\n<ol>\n<li>Proporcionar herramientas de contacto, consulta y comunicaci\u00f3n con las personas interesadas y relacionadas, respondiendo a solicitudes y peticiones. Enviar comunicaciones informativas y comerciales relacionadas con nuestros servicios.<\/li>\n<\/ol>\n<p>Base legitimadora principal: Consentimiento de la persona interesada (RGPD art. 6.1.a), cuando facilita sus datos con estas finalidades<\/p>\n<ol>\n<li>Informar, organizar y difundir las actividades e iniciativas de <strong>Resistencias Alo\u00f1a<\/strong>, o en las que <strong>Resistencias Alo\u00f1a<\/strong> participa; Gestionar y analizar la utilizaci\u00f3n de nuestro sitio web y presencia en redes sociales.<\/li>\n<\/ol>\n<p>Base legitimadora principal: Inter\u00e9s leg\u00edtimo del Responsable del Tratamiento (RGPD art. 6.1.f)<\/p>\n<p><strong>Deber de secreto<\/strong><\/p>\n<p><strong>Resistencias Alo\u00f1a<\/strong> est\u00e1 comprometida con la privacidad y la protecci\u00f3n de los datos de las personas usuarias. El tratamiento de sus datos personales se realizar\u00e1 de manera segura, confidencial y cumpliendo con esta normativa.<\/p>\n<p><strong>Recogida de datos personales<\/strong><\/p>\n<p>El Responsable del Tratamiento no requiere que proporcione datos personales para acceder al sitio web. No obstante, en el sitio web puede haber formularios (contacto, etc.) y \u00e1reas privadas cuyo uso requiera que la persona usuaria aporte datos personales, en su mayor\u00eda de identificaci\u00f3n o de contacto. La persona usuaria aporta sus datos personales de forma libre y voluntaria. <strong>Resistencias Alo\u00f1a<\/strong> no solicita m\u00e1s informaci\u00f3n personal que la que es necesaria para llevar a cabo el servicio solicitado.<\/p>\n<p>La persona usuaria que env\u00ede\/incluya cualquier tipo de contenido (datos, documentos, textos, v\u00eddeos, sonido, fotograf\u00edas, gr\u00e1ficos, mensajes u otro material) declara y garantiza hacerlo de modo que se ajuste a las condiciones aqu\u00ed expresadas y a la legalidad vigente. La persona usuaria que incluya datos personales de terceros declara que cuenta con su consentimiento expreso para su tratamiento. Queda prohibida la inclusi\u00f3n de datos de terceros sin su consentimiento expreso.<\/p>\n<p>La persona usuaria es la \u00fanica responsable de la veracidad, correcci\u00f3n y tratamiento leg\u00edtimo de los datos incluidos, exonerando a <strong>Resistencias Alo\u00f1a<\/strong>\u00a0 de cualquier responsabilidad al respecto. Las personas usuarias garantizan y responden, en cualquier caso, de la exactitud, vigencia y autenticidad de los datos personales facilitados y se comprometen a mantenerlos debidamente actualizados. La no cumplimentaci\u00f3n o cumplimentaci\u00f3n err\u00f3nea de campos indicados como obligatorios en los formularios o \u00e1reas privadas del sitio web podr\u00e1 tener como consecuencia que el Responsable del Tratamiento no pueda atender la solicitud de la persona usuaria.<\/p>\n<p>El Responsable del Tratamiento\u00a0recoger\u00e1 los datos personales de manera adecuada, pertinente seg\u00fan las finalidades, utilidades, servicios o prestaciones incluidas en su web, de forma determinada, expl\u00edcita y leg\u00edtima, por lo que en ning\u00fan caso se emplear\u00e1n medios fraudulentos, desleales, il\u00edcitos o que en alguna forma pongan en peligro los leg\u00edtimos derechos de las personas usuarias.<\/p>\n<p>El env\u00edo de informaci\u00f3n a trav\u00e9s de este sitio web y el registro o suscripci\u00f3n a sus diferentes servicios conlleva necesariamente la autorizaci\u00f3n expresa para los tratamientos de datos descritos en esta pol\u00edtica de privacidad y la aceptaci\u00f3n de las condiciones generales, pol\u00edtica de privacidad y pol\u00edtica de cookies de <strong>Resistencias Alo\u00f1a<\/strong>.<strong>\u00a0<\/strong><\/p>\n<p><strong>Registros y suscripciones<\/strong><\/p>\n<p>En el caso de suscripci\u00f3n a boletines informativos (\u201c<strong>Resistencias Alo\u00f1a<\/strong> Newsletter\u201d) o servicios similares, que impliquen el tratamiento de sus datos personales, las personas usuarias podr\u00e1n solicitar la baja de dichos servicios en el momento que lo deseen dirigiendo una solicitud a la direcci\u00f3n de correo electr\u00f3nico anduaga@resistenciasalona.com o utilizando cualquier otro medio que <strong>Resistencias Alo\u00f1a<\/strong>\u00a0 facilite a tal efecto como, por ejemplo, el mecanismo denominado \u201c<u>Darse de baja<\/u>\u201d o \u201c<u>Unsubscribe<\/u>\u201d, ubicado en la parte final de los propios boletines informativos.<\/p>\n<p><strong>\u00a0<\/strong><\/p>\n<p><strong>Recogida de datos de menores<\/strong><\/p>\n<p>Los servicios del Responsable del Tratamiento no est\u00e1n espec\u00edficamente dirigidos a menores de edad. En el supuesto que algunos de nuestros servicios fueran dirigidos espec\u00edficamente a menores de edad, el Responsable del Tratamiento solicitar\u00eda la conformidad de los padres o tutores legales para la recogida de los datos personales o, en su caso, para el tratamiento de los datos.<strong>\u00a0<\/strong><\/p>\n<p>El Responsable del Tratamiento recomienda a las personas usuarias que consulten los diferentes materiales que en relaci\u00f3n con la protecci\u00f3n de datos personales de ni\u00f1os y j\u00f3venes han desarrollado las autoridades de control. Esta informaci\u00f3n (recomendaciones, manuales de uso de nuevas tecnolog\u00edas, videos educativos, etc.) se encuentra disponible en los sitios web de las Agencias Vasca y Espa\u00f1ola de Protecci\u00f3n de Datos.<strong>\u00a0<\/strong><\/p>\n<p><strong>Comunicaciones de datos<\/strong><\/p>\n<p>No se prev\u00e9n comunicaciones de datos a terceros externos a <strong>Resistencias Alo\u00f1a<\/strong> , salvo obligaci\u00f3n legal o casos espec\u00edficos. No obstante, pueden darse circunstancias espec\u00edficas en las que la comunicaci\u00f3n de determinados datos a terceros sea necesaria para la correcta prestaci\u00f3n del servicio solicitado o el cumplimiento de los fines leg\u00edtimos del Responsable del Tratamiento. Seg\u00fan las caracter\u00edsticas de su solicitud, la persona usuaria queda informada de que los datos que aporte podr\u00e1n ser comunicados por <strong>Resistencias Alo\u00f1a<\/strong> . En estos casos, se comunicar\u00e1n \u00fanicamente los datos estrictamente necesarios y con aplicaci\u00f3n de las medidas de seguridad legalmente exigibles en cada momento. La persona usuaria podr\u00e1 oponerse a estas comunicaciones en cualquier momento, solicit\u00e1ndolo en la direcci\u00f3n postal o electr\u00f3nica del Responsable del Tratamiento.<strong>\u00a0<\/strong><\/p>\n<p><strong>Datos de Tr\u00e1fico<\/strong><u> <\/u><\/p>\n<p>Con la finalidad de ofrecer un mejor servicio a trav\u00e9s del sitio web, se puede registrar la direcci\u00f3n IP de la conexi\u00f3n del dispositivo de la persona usuaria, permiti\u00e9ndose as\u00ed el posterior procesamiento de los datos con el fin de analizar, entre otros, el n\u00famero de p\u00e1ginas visitadas, el n\u00famero de visitas, as\u00ed como la actividad de las personas usuarias del sitio web y su frecuencia de utilizaci\u00f3n.<\/p>\n<p><strong>Medidas de seguridad<\/strong><\/p>\n<p><strong>Resistencias Alo\u00f1a<\/strong> tratar\u00e1 los datos personales contenidos en sus tratamientos de datos adoptando las medidas de \u00edndole t\u00e9cnica y organizativa que sean necesarias para garantizar su seguridad y evitar su alteraci\u00f3n, p\u00e9rdida, tratamiento o acceso no autorizado, habida cuenta del estado de la tecnolog\u00eda, la naturaleza de los datos almacenados y los riesgos a que est\u00e1n expuestos, ya provengan de la acci\u00f3n humana o del medio f\u00edsico o natural, de acuerdo con la legislaci\u00f3n vigente que resulte de aplicaci\u00f3n en materia de medidas de seguridad de los tratamientos de datos personales. Sin embargo, las personas usuarias son informadas de que las medidas de seguridad inform\u00e1tica no son inexpugnables y no se est\u00e1 a salvo de posibles intromisiones ilegales e indebidas, que no ser\u00edan responsabilidad del Responsable del Tratamiento.<strong>\u00a0<\/strong><\/p>\n<p>Con el fin de garantizar la seguridad y privacidad de la persona usuaria, este sitio web utiliza tecnolog\u00eda de encriptaci\u00f3n basada en protocolos de capa de conexi\u00f3n segura (https), de modo que la navegaci\u00f3n sea lo m\u00e1s segura posible.<strong>\u00a0<\/strong><\/p>\n<p><strong>Brechas de seguridad<\/strong><\/p>\n<p>La persona usuaria debe comunicar inmediatamente a <strong>Resistencias Alo\u00f1a<\/strong> cualquier incidencia, brecha de seguridad, acceso indebido o no autorizado detectado en relaci\u00f3n con el sitio web, \u00e1reas privadas, claves de acceso, presencia en redes sociales o cualquier otra circunstancia que ponga en peligro la seguridad y confidencialidad de la informaci\u00f3n o el adecuado funcionamiento del sitio web. Como mecanismos de aviso preferentes se establecen el tel\u00e9fono 943 45 21 52 y la direcci\u00f3n de correo electr\u00f3nico anduaga@resistenciasalona.com<\/p>\n<p><strong>Plazo de conservaci\u00f3n<\/strong><\/p>\n<p>Los datos personales proporcionados se conservar\u00e1n durante el tiempo necesario para cumplir con la finalidad para la que se recaban, determinar las posibles responsabilidades que se pudieran derivar de la finalidad, o durante el periodo que la normativa aplicable establezca en cada caso (contable, fiscal, mercantil, telecomunicaciones, etc.), tras el cual ser\u00e1n suprimidos adoptando las medidas de seguridad necesarias para garantizar su confidencialidad.<strong><u>\u00a0<\/u><\/strong><\/p>\n<p><strong>Derechos de las personas interesadas<\/strong><\/p>\n<p>Puede ejercer los derechos relativos a la protecci\u00f3n de sus datos personales (acceso, rectificaci\u00f3n, supresi\u00f3n, limitaci\u00f3n al tratamiento, portabilidad y oposici\u00f3n), as\u00ed como retirar consentimientos otorgados o realizar cualquier otra solicitud sobre esta materia dirigi\u00e9ndose por escrito a\u00a0 Resistencias Alo\u00f1a, en Paseo Ubarburu, 11 (Plg. Ind. 27), Donostia 20014 (Gipuzkoa), tel\u00e9fono 943 45 21 52, o en la direcci\u00f3n de correo anduaga@resistenciasalona.com<\/p>\n<p>La solicitud deber\u00e1 llevar adjunta copia de documento de acreditativo de la identidad del solicitante (DNI, NIE o similares). En caso de realizar la solicitud en su condici\u00f3n de representante legal, deber\u00e1 adjuntar, adem\u00e1s de la copia de documento de acreditativo de la identidad del solicitante, un documento acreditativo de tal representaci\u00f3n.<\/p>\n<p>La autoridad de control a la que usted puede dirigirse en caso de no estar de acuerdo con la resoluci\u00f3n de las solicitudes o para presentar una reclamaci\u00f3n es la Agencia Espa\u00f1ola de Protecci\u00f3n de Datos: www.aepd.es<strong><u>\u00a0<\/u><\/strong><\/p>\n<p><strong>Vigencia y modificaciones<\/strong><\/p>\n<p>El Responsable del Tratamiento se reserva el derecho de modificar su pol\u00edtica de privacidad de acuerdo con su criterio, a cambios legislativos o jurisprudenciales. Si el Responsable del Tratamiento introdujera alguna modificaci\u00f3n, el nuevo texto ser\u00e1 publicado en este mismo sitio web, donde la persona usuaria podr\u00e1 tener conocimiento de la misma. En cualquier caso, la relaci\u00f3n con las personas usuarias se regir\u00e1 por las normas previstas en el momento preciso en que se accede al sitio web. Es por ello que el Responsable del Tratamiento le recomienda visitar esta pol\u00edtica de privacidad cada vez que se conecte al sitio web.<\/p>\n<p><strong>Jurisdicci\u00f3n<\/strong><u> <\/u><\/p>\n<p>Las relaciones establecidas entre Resistencias Alo\u00f1a y la persona usuaria se regir\u00e1n por lo dispuesto en la normativa vigente acerca de la legislaci\u00f3n aplicable y la jurisdicci\u00f3n competente. No obstante, para los casos en los que la normativa prevea la posibilidad a las partes de someterse a un fuero, Resistencias Alo\u00f1a y la persona usuaria, con renuncia expresa a cualquier otro fuero que pudiera corresponderles, se someten a los Juzgados y Tribunales de Donostia San Sebasti\u00e1n (Gipuzkoa).<\/p>\n<p>Resistencias Alo\u00f1a perseguir\u00e1 el incumplimiento de esta Pol\u00edtica de Privacidad, as\u00ed como cualquier utilizaci\u00f3n indebida de los contenidos presentados en este sitio web ejerciendo todas las acciones civiles y penales que le puedan corresponder en Derecho, incluyendo las de naturaleza econ\u00f3mica.<\/p>\n<\/div><\/div><\/div><\/div><\/div><\/div><\/div><\/div><\/div><\/section>","protected":false},"excerpt":{"rendered":"<p>Uniquely deploy cross-unit benefits with wireless testing procedures. Collaboratively build backward-compatible relationships whereas tactical paradigms. Compellingly reconceptualize compelling outsourcing whereas optimal service.<\/p>\n","protected":false},"author":1,"featured_media":585,"parent":0,"menu_order":0,"comment_status":"closed","ping_status":"closed","template":"","meta":[],"yoast_head":"<!-- This site is optimized with the Yoast SEO plugin v17.5 - https:\/\/yoast.com\/wordpress\/plugins\/seo\/ -->\r\n<title>Pol\u00edtica de privacidad - Alo\u00f1a - Resistencias Termoel\u00e9ctricas<\/title>\r\n<meta name=\"robots\" content=\"index, follow, max-snippet:-1, max-image-preview:large, max-video-preview:-1\" \/>\r\n<link rel=\"canonical\" href=\"https:\/\/resistenciasalona.com\/?page_id=1812\" \/>\r\n<meta property=\"og:locale\" content=\"es_ES\" \/>\r\n<meta property=\"og:type\" content=\"article\" \/>\r\n<meta property=\"og:title\" content=\"Pol\u00edtica de privacidad - Alo\u00f1a - Resistencias Termoel\u00e9ctricas\" \/>\r\n<meta property=\"og:description\" content=\"Uniquely deploy cross-unit benefits with wireless testing procedures. Collaboratively build backward-compatible relationships whereas tactical paradigms. Compellingly reconceptualize compelling outsourcing whereas optimal service.\" \/>\r\n<meta property=\"og:url\" content=\"https:\/\/resistenciasalona.com\/?page_id=1812\" \/>\r\n<meta property=\"og:site_name\" content=\"Alo\u00f1a - Resistencias Termoel\u00e9ctricas\" \/>\r\n<meta name=\"twitter:card\" content=\"summary_large_image\" \/>\r\n<meta name=\"twitter:label1\" content=\"Tiempo de lectura\" \/>\n\t<meta name=\"twitter:data1\" content=\"13 minutos\" \/>\r\n<script type=\"application\/ld+json\" class=\"yoast-schema-graph\">{\"@context\":\"https:\/\/schema.org\",\"@graph\":[{\"@type\":\"WebSite\",\"@id\":\"https:\/\/resistenciasalona.com\/#website\",\"url\":\"https:\/\/resistenciasalona.com\/\",\"name\":\"Alo\\u00f1a - Resistencias Termoel\\u00e9ctricas\",\"description\":\"Fabricaci\\u00f3n de Resistencias Termoel\\u00e9ctricas para generar calor\",\"potentialAction\":[{\"@type\":\"SearchAction\",\"target\":{\"@type\":\"EntryPoint\",\"urlTemplate\":\"https:\/\/resistenciasalona.com\/?s={search_term_string}\"},\"query-input\":\"required name=search_term_string\"}],\"inLanguage\":\"es\"},{\"@type\":\"ImageObject\",\"@id\":\"https:\/\/resistenciasalona.com\/?page_id=1812#primaryimage\",\"inLanguage\":\"es\",\"url\":\"\",\"contentUrl\":\"\"},{\"@type\":\"WebPage\",\"@id\":\"https:\/\/resistenciasalona.com\/?page_id=1812#webpage\",\"url\":\"https:\/\/resistenciasalona.com\/?page_id=1812\",\"name\":\"Pol\\u00edtica de privacidad - Alo\\u00f1a - Resistencias Termoel\\u00e9ctricas\",\"isPartOf\":{\"@id\":\"https:\/\/resistenciasalona.com\/#website\"},\"primaryImageOfPage\":{\"@id\":\"https:\/\/resistenciasalona.com\/?page_id=1812#primaryimage\"},\"datePublished\":\"2022-09-20T09:56:28+00:00\",\"dateModified\":\"2022-09-20T09:56:28+00:00\",\"breadcrumb\":{\"@id\":\"https:\/\/resistenciasalona.com\/?page_id=1812#breadcrumb\"},\"inLanguage\":\"es\",\"potentialAction\":[{\"@type\":\"ReadAction\",\"target\":[\"https:\/\/resistenciasalona.com\/?page_id=1812\"]}]},{\"@type\":\"BreadcrumbList\",\"@id\":\"https:\/\/resistenciasalona.com\/?page_id=1812#breadcrumb\",\"itemListElement\":[{\"@type\":\"ListItem\",\"position\":1,\"name\":\"Home\",\"item\":\"https:\/\/resistenciasalona.com\/\"},{\"@type\":\"ListItem\",\"position\":2,\"name\":\"Pol\\u00edtica de privacidad\"}]}]}<\/script>\r\n<!-- \/ Yoast SEO plugin. -->","yoast_head_json":{"title":"Pol\u00edtica de privacidad - Alo\u00f1a - Resistencias Termoel\u00e9ctricas","robots":{"index":"index","follow":"follow","max-snippet":"max-snippet:-1","max-image-preview":"max-image-preview:large","max-video-preview":"max-video-preview:-1"},"canonical":"https:\/\/resistenciasalona.com\/?page_id=1812","og_locale":"es_ES","og_type":"article","og_title":"Pol\u00edtica de privacidad - Alo\u00f1a - Resistencias Termoel\u00e9ctricas","og_description":"Uniquely deploy cross-unit benefits with wireless testing procedures. Collaboratively build backward-compatible relationships whereas tactical paradigms. Compellingly reconceptualize compelling outsourcing whereas optimal service.","og_url":"https:\/\/resistenciasalona.com\/?page_id=1812","og_site_name":"Alo\u00f1a - Resistencias Termoel\u00e9ctricas","twitter_card":"summary_large_image","twitter_misc":{"Tiempo de lectura":"13 minutos"},"schema":{"@context":"https:\/\/schema.org","@graph":[{"@type":"WebSite","@id":"https:\/\/resistenciasalona.com\/#website","url":"https:\/\/resistenciasalona.com\/","name":"Alo\u00f1a - Resistencias Termoel\u00e9ctricas","description":"Fabricaci\u00f3n de Resistencias Termoel\u00e9ctricas para generar calor","potentialAction":[{"@type":"SearchAction","target":{"@type":"EntryPoint","urlTemplate":"https:\/\/resistenciasalona.com\/?s={search_term_string}"},"query-input":"required name=search_term_string"}],"inLanguage":"es"},{"@type":"ImageObject","@id":"https:\/\/resistenciasalona.com\/?page_id=1812#primaryimage","inLanguage":"es","url":"","contentUrl":""},{"@type":"WebPage","@id":"https:\/\/resistenciasalona.com\/?page_id=1812#webpage","url":"https:\/\/resistenciasalona.com\/?page_id=1812","name":"Pol\u00edtica de privacidad - Alo\u00f1a - Resistencias Termoel\u00e9ctricas","isPartOf":{"@id":"https:\/\/resistenciasalona.com\/#website"},"primaryImageOfPage":{"@id":"https:\/\/resistenciasalona.com\/?page_id=1812#primaryimage"},"datePublished":"2022-09-20T09:56:28+00:00","dateModified":"2022-09-20T09:56:28+00:00","breadcrumb":{"@id":"https:\/\/resistenciasalona.com\/?page_id=1812#breadcrumb"},"inLanguage":"es","potentialAction":[{"@type":"ReadAction","target":["https:\/\/resistenciasalona.com\/?page_id=1812"]}]},{"@type":"BreadcrumbList","@id":"https:\/\/resistenciasalona.com\/?page_id=1812#breadcrumb","itemListElement":[{"@type":"ListItem","position":1,"name":"Home","item":"https:\/\/resistenciasalona.com\/"},{"@type":"ListItem","position":2,"name":"Pol\u00edtica de privacidad"}]}]}},"_links":{"self":[{"href":"https:\/\/resistenciasalona.com\/index.php?rest_route=\/wp\/v2\/pages\/1812"}],"collection":[{"href":"https:\/\/resistenciasalona.com\/index.php?rest_route=\/wp\/v2\/pages"}],"about":[{"href":"https:\/\/resistenciasalona.com\/index.php?rest_route=\/wp\/v2\/types\/page"}],"author":[{"embeddable":true,"href":"https:\/\/resistenciasalona.com\/index.php?rest_route=\/wp\/v2\/users\/1"}],"replies":[{"embeddable":true,"href":"https:\/\/resistenciasalona.com\/index.php?rest_route=%2Fwp%2Fv2%2Fcomments&post=1812"}],"version-history":[{"count":2,"href":"https:\/\/resistenciasalona.com\/index.php?rest_route=\/wp\/v2\/pages\/1812\/revisions"}],"predecessor-version":[{"id":1814,"href":"https:\/\/resistenciasalona.com\/index.php?rest_route=\/wp\/v2\/pages\/1812\/revisions\/1814"}],"wp:featuredmedia":[{"embeddable":true,"href":"https:\/\/resistenciasalona.com\/index.php?rest_route=\/wp\/v2\/media\/585"}],"wp:attachment":[{"href":"https:\/\/resistenciasalona.com\/index.php?rest_route=%2Fwp%2Fv2%2Fmedia&parent=1812"}],"curies":[{"name":"wp","href":"https:\/\/api.w.org\/{rel}","templated":true}]}}