{"id":1815,"date":"2022-09-20T09:57:46","date_gmt":"2022-09-20T09:57:46","guid":{"rendered":"https:\/\/resistenciasalona.com\/?page_id=1815"},"modified":"2022-09-20T09:57:46","modified_gmt":"2022-09-20T09:57:46","slug":"politica-de-cookies","status":"publish","type":"page","link":"https:\/\/resistenciasalona.com\/?page_id=1815","title":{"rendered":"Pol\u00edtica de Cookies"},"content":{"rendered":"<section id=\"bt_bb_section69e057963a0fa\"  data-background_image_src=\"''\" class=\"bt_bb_section bt_bb_top_spacing_small bt_bb_bottom_spacing_100 bt_bb_layout_boxed_1200 bt_bb_vertical_align_top btLazyLoadBackground bt_bb_background_image\" style=\"background-image:url(&#039;https:\/\/resistenciasalona.com\/wp-content\/plugins\/bold-page-builder\/img\/blank.gif&#039;);background-position:right top;background-size:contain;\"><div class=\"bt_bb_port\"><div class=\"bt_bb_cell\"><div class=\"bt_bb_cell_inner\"><div class=\"bt_bb_row_wrapper\"><div  class=\"bt_bb_row\" ><div  class=\"bt_bb_column col-xl-12 col-xs-12 col-sm-12 col-md-12 col-lg-12 bt_bb_vertical_align_top bt_bb_align_left bt_bb_padding_normal\"  data-width=\"12\" data-bt-override-class=\"{}\"><div class=\"bt_bb_column_content\"><div class=\"bt_bb_column_content_inner\"><div  class=\"bt_bb_text\" ><\/div><\/div><\/div><\/div><\/div><\/div><\/div><\/div><\/div><\/section><section id=\"bt_bb_section69e057963a891\"  data-background_image_src=\"''\" class=\"bt_bb_section bt_bb_top_spacing_small bt_bb_bottom_spacing_100 bt_bb_layout_boxed_1200 bt_bb_vertical_align_top btLazyLoadBackground bt_bb_background_image\" style=\"background-image:url(&#039;https:\/\/resistenciasalona.com\/wp-content\/plugins\/bold-page-builder\/img\/blank.gif&#039;);background-position:right top;background-size:contain;\"><div class=\"bt_bb_port\"><div class=\"bt_bb_cell\"><div class=\"bt_bb_cell_inner\"><div class=\"bt_bb_row_wrapper\"><div  class=\"bt_bb_row\" ><div  class=\"bt_bb_column col-xl-12 col-xs-12 col-sm-12 col-md-12 col-lg-12 bt_bb_vertical_align_top bt_bb_align_left bt_bb_padding_normal\"  data-width=\"12\" data-bt-override-class=\"{}\"><div class=\"bt_bb_column_content\"><div class=\"bt_bb_column_content_inner\"><div  class=\"bt_bb_text\" ><\/div><\/div><\/div><\/div><\/div><\/div><\/div><\/div><\/div><\/section><section id=\"bt_bb_section69e057963ad83\"  data-background_image_src=\"''\" class=\"bt_bb_section bt_bb_top_spacing_small bt_bb_bottom_spacing_100 bt_bb_layout_boxed_1200 bt_bb_vertical_align_top btLazyLoadBackground bt_bb_background_image\" style=\"background-image:url(&#039;https:\/\/resistenciasalona.com\/wp-content\/plugins\/bold-page-builder\/img\/blank.gif&#039;);background-position:right top;background-size:contain;\"><div class=\"bt_bb_port\"><div class=\"bt_bb_cell\"><div class=\"bt_bb_cell_inner\"><div class=\"bt_bb_row_wrapper\"><div  class=\"bt_bb_row\" ><div  class=\"bt_bb_column col-xl-12 col-xs-12 col-sm-12 col-md-12 col-lg-12 bt_bb_vertical_align_top bt_bb_align_left bt_bb_padding_normal\"  data-width=\"12\" data-bt-override-class=\"{}\"><div class=\"bt_bb_column_content\"><div class=\"bt_bb_column_content_inner\"><div  class=\"bt_bb_text\" ><h4><strong>\u00bfQu\u00e9 es una cookie?<\/strong><\/h4>\n<p>Una cookie es un archivo inform\u00e1tico que un servidor web puede procesar en el dispositivo (ordenador, tel\u00e9fono, tablet, etc.) con el que se conecta la persona usuaria, con el fin de reconocer sus caracter\u00edsticas o preferencias cuando se vuelva a conectar, o de facilitar el uso y la navegaci\u00f3n por el sitio web, aportando diversas ventajas en la prestaci\u00f3n de servicios interactivos. Las cookies se utilizan, entre otras finalidades, para gestionar la sesi\u00f3n de la persona usuaria (por ejemplo, que la navegaci\u00f3n a trav\u00e9s de los diferentes apartados del sitio web sea l\u00f3gica y segura), para adecuar los contenidos de un sitio web a sus preferencias (por ejemplo, idioma) o para realizar labores anal\u00edticas (por ejemplo, medir el tr\u00e1fico y utilizaci\u00f3n de un sitio web). Las cookies pueden ser de \u201csesi\u00f3n\u201d, por lo que se borrar\u00e1n una vez la persona usuaria abandone el sitio web que las gener\u00f3 o \u201cpersistentes\u201d, que permanecen en su dispositivo hasta una fecha determinada.<\/p>\n<h4><strong>\u00bfQu\u00e9 tipo de cookies utiliza este sitio web?<\/strong><strong>\u00a0<\/strong><\/h4>\n<p>Este sitio web utiliza diferentes tipos de cookies, con las finalidades que se detallan a continuaci\u00f3n: <u>Cookies t\u00e9cnicas<\/u>: permiten a la persona usuaria la navegaci\u00f3n a trav\u00e9s de este sitio web y la utilizaci\u00f3n de diferentes opciones que en \u00e9l pueden existir como, por ejemplo, identificar la sesi\u00f3n, acceder a las \u00e1reas privadas del sitio web, gestionar los par\u00e1metros introducidos o compartir contenidos a trav\u00e9s de redes sociales. <u>Cookies de personalizaci\u00f3n<\/u>: permiten a la persona usuaria acceder al servicio con algunas caracter\u00edsticas de car\u00e1cter general predefinidas en funci\u00f3n de una serie de criterios en su dispositivo (por ejemplo, el idioma, el tipo de navegador a trav\u00e9s del cual accede al sitio web, etc.). <u>Cookies de an\u00e1lisis<\/u>: permiten el seguimiento y an\u00e1lisis del comportamiento de las personas usuarias del sitio web, durante periodos de tiempo concretos. La informaci\u00f3n recogida mediante este tipo de cookies se utiliza de manera estad\u00edstica en la medici\u00f3n de la actividad del sitio web, con el fin de introducir mejoras en funci\u00f3n del an\u00e1lisis de los datos de uso que hacen las personas usuarias (por ejemplo, Google Analytics).<\/p>\n<h4><strong>\u00a0<\/strong><\/h4>\n<p><strong>\u00a0<\/strong><\/p>\n<h4><strong>\u00bfC\u00f3mo se pueden desactivar o eliminar las cookies?<\/strong><\/h4>\n<p>Los navegadores web son herramientas adecuadas para gestionar las cookies. La persona usuaria, si lo desea, pueda desactivar o eliminar las cookies, total o parcialmente, en cualquier momento, de forma manual o autom\u00e1tica. Para ello debe consultar las opciones de configuraci\u00f3n y utilidades para el tratamiento de cookies que facilitan los diferentes navegadores. Adem\u00e1s, este sitio web incorpora un complemento (\u201cplug-in\u201d) espec\u00edfico mediante el cual la persona usuaria podr\u00e1 aceptar, configurar y rechazar su utilizaci\u00f3n, otorgando y revocando consentimientos, seg\u00fan su criterio.<\/p>\n<\/div><\/div><\/div><\/div><\/div><\/div><\/div><\/div><\/div><\/section>","protected":false},"excerpt":{"rendered":"<p>Uniquely deploy cross-unit benefits with wireless testing procedures. Collaboratively build backward-compatible relationships whereas tactical paradigms. Compellingly reconceptualize compelling outsourcing whereas optimal service.<\/p>\n","protected":false},"author":1,"featured_media":585,"parent":0,"menu_order":0,"comment_status":"closed","ping_status":"closed","template":"","meta":[],"yoast_head":"<!-- This site is optimized with the Yoast SEO plugin v17.5 - https:\/\/yoast.com\/wordpress\/plugins\/seo\/ -->\r\n<title>Pol\u00edtica de Cookies - Alo\u00f1a - Resistencias Termoel\u00e9ctricas<\/title>\r\n<meta name=\"robots\" content=\"index, follow, max-snippet:-1, max-image-preview:large, max-video-preview:-1\" \/>\r\n<link rel=\"canonical\" href=\"https:\/\/resistenciasalona.com\/?page_id=1815\" \/>\r\n<meta property=\"og:locale\" content=\"es_ES\" \/>\r\n<meta property=\"og:type\" content=\"article\" \/>\r\n<meta property=\"og:title\" content=\"Pol\u00edtica de Cookies - Alo\u00f1a - Resistencias Termoel\u00e9ctricas\" \/>\r\n<meta property=\"og:description\" content=\"Uniquely deploy cross-unit benefits with wireless testing procedures. Collaboratively build backward-compatible relationships whereas tactical paradigms. Compellingly reconceptualize compelling outsourcing whereas optimal service.\" \/>\r\n<meta property=\"og:url\" content=\"https:\/\/resistenciasalona.com\/?page_id=1815\" \/>\r\n<meta property=\"og:site_name\" content=\"Alo\u00f1a - Resistencias Termoel\u00e9ctricas\" \/>\r\n<meta name=\"twitter:card\" content=\"summary_large_image\" \/>\r\n<meta name=\"twitter:label1\" content=\"Tiempo de lectura\" \/>\n\t<meta name=\"twitter:data1\" content=\"5 minutos\" \/>\r\n<script type=\"application\/ld+json\" class=\"yoast-schema-graph\">{\"@context\":\"https:\/\/schema.org\",\"@graph\":[{\"@type\":\"WebSite\",\"@id\":\"https:\/\/resistenciasalona.com\/#website\",\"url\":\"https:\/\/resistenciasalona.com\/\",\"name\":\"Alo\\u00f1a - Resistencias Termoel\\u00e9ctricas\",\"description\":\"Fabricaci\\u00f3n de Resistencias Termoel\\u00e9ctricas para generar calor\",\"potentialAction\":[{\"@type\":\"SearchAction\",\"target\":{\"@type\":\"EntryPoint\",\"urlTemplate\":\"https:\/\/resistenciasalona.com\/?s={search_term_string}\"},\"query-input\":\"required name=search_term_string\"}],\"inLanguage\":\"es\"},{\"@type\":\"ImageObject\",\"@id\":\"https:\/\/resistenciasalona.com\/?page_id=1815#primaryimage\",\"inLanguage\":\"es\",\"url\":\"\",\"contentUrl\":\"\"},{\"@type\":\"WebPage\",\"@id\":\"https:\/\/resistenciasalona.com\/?page_id=1815#webpage\",\"url\":\"https:\/\/resistenciasalona.com\/?page_id=1815\",\"name\":\"Pol\\u00edtica de Cookies - Alo\\u00f1a - Resistencias Termoel\\u00e9ctricas\",\"isPartOf\":{\"@id\":\"https:\/\/resistenciasalona.com\/#website\"},\"primaryImageOfPage\":{\"@id\":\"https:\/\/resistenciasalona.com\/?page_id=1815#primaryimage\"},\"datePublished\":\"2022-09-20T09:57:46+00:00\",\"dateModified\":\"2022-09-20T09:57:46+00:00\",\"breadcrumb\":{\"@id\":\"https:\/\/resistenciasalona.com\/?page_id=1815#breadcrumb\"},\"inLanguage\":\"es\",\"potentialAction\":[{\"@type\":\"ReadAction\",\"target\":[\"https:\/\/resistenciasalona.com\/?page_id=1815\"]}]},{\"@type\":\"BreadcrumbList\",\"@id\":\"https:\/\/resistenciasalona.com\/?page_id=1815#breadcrumb\",\"itemListElement\":[{\"@type\":\"ListItem\",\"position\":1,\"name\":\"Home\",\"item\":\"https:\/\/resistenciasalona.com\/\"},{\"@type\":\"ListItem\",\"position\":2,\"name\":\"Pol\\u00edtica de Cookies\"}]}]}<\/script>\r\n<!-- \/ Yoast SEO plugin. -->","yoast_head_json":{"title":"Pol\u00edtica de Cookies - Alo\u00f1a - Resistencias Termoel\u00e9ctricas","robots":{"index":"index","follow":"follow","max-snippet":"max-snippet:-1","max-image-preview":"max-image-preview:large","max-video-preview":"max-video-preview:-1"},"canonical":"https:\/\/resistenciasalona.com\/?page_id=1815","og_locale":"es_ES","og_type":"article","og_title":"Pol\u00edtica de Cookies - Alo\u00f1a - Resistencias Termoel\u00e9ctricas","og_description":"Uniquely deploy cross-unit benefits with wireless testing procedures. Collaboratively build backward-compatible relationships whereas tactical paradigms. Compellingly reconceptualize compelling outsourcing whereas optimal service.","og_url":"https:\/\/resistenciasalona.com\/?page_id=1815","og_site_name":"Alo\u00f1a - Resistencias Termoel\u00e9ctricas","twitter_card":"summary_large_image","twitter_misc":{"Tiempo de lectura":"5 minutos"},"schema":{"@context":"https:\/\/schema.org","@graph":[{"@type":"WebSite","@id":"https:\/\/resistenciasalona.com\/#website","url":"https:\/\/resistenciasalona.com\/","name":"Alo\u00f1a - Resistencias Termoel\u00e9ctricas","description":"Fabricaci\u00f3n de Resistencias Termoel\u00e9ctricas para generar calor","potentialAction":[{"@type":"SearchAction","target":{"@type":"EntryPoint","urlTemplate":"https:\/\/resistenciasalona.com\/?s={search_term_string}"},"query-input":"required name=search_term_string"}],"inLanguage":"es"},{"@type":"ImageObject","@id":"https:\/\/resistenciasalona.com\/?page_id=1815#primaryimage","inLanguage":"es","url":"","contentUrl":""},{"@type":"WebPage","@id":"https:\/\/resistenciasalona.com\/?page_id=1815#webpage","url":"https:\/\/resistenciasalona.com\/?page_id=1815","name":"Pol\u00edtica de Cookies - Alo\u00f1a - Resistencias Termoel\u00e9ctricas","isPartOf":{"@id":"https:\/\/resistenciasalona.com\/#website"},"primaryImageOfPage":{"@id":"https:\/\/resistenciasalona.com\/?page_id=1815#primaryimage"},"datePublished":"2022-09-20T09:57:46+00:00","dateModified":"2022-09-20T09:57:46+00:00","breadcrumb":{"@id":"https:\/\/resistenciasalona.com\/?page_id=1815#breadcrumb"},"inLanguage":"es","potentialAction":[{"@type":"ReadAction","target":["https:\/\/resistenciasalona.com\/?page_id=1815"]}]},{"@type":"BreadcrumbList","@id":"https:\/\/resistenciasalona.com\/?page_id=1815#breadcrumb","itemListElement":[{"@type":"ListItem","position":1,"name":"Home","item":"https:\/\/resistenciasalona.com\/"},{"@type":"ListItem","position":2,"name":"Pol\u00edtica de Cookies"}]}]}},"_links":{"self":[{"href":"https:\/\/resistenciasalona.com\/index.php?rest_route=\/wp\/v2\/pages\/1815"}],"collection":[{"href":"https:\/\/resistenciasalona.com\/index.php?rest_route=\/wp\/v2\/pages"}],"about":[{"href":"https:\/\/resistenciasalona.com\/index.php?rest_route=\/wp\/v2\/types\/page"}],"author":[{"embeddable":true,"href":"https:\/\/resistenciasalona.com\/index.php?rest_route=\/wp\/v2\/users\/1"}],"replies":[{"embeddable":true,"href":"https:\/\/resistenciasalona.com\/index.php?rest_route=%2Fwp%2Fv2%2Fcomments&post=1815"}],"version-history":[{"count":2,"href":"https:\/\/resistenciasalona.com\/index.php?rest_route=\/wp\/v2\/pages\/1815\/revisions"}],"predecessor-version":[{"id":1817,"href":"https:\/\/resistenciasalona.com\/index.php?rest_route=\/wp\/v2\/pages\/1815\/revisions\/1817"}],"wp:featuredmedia":[{"embeddable":true,"href":"https:\/\/resistenciasalona.com\/index.php?rest_route=\/wp\/v2\/media\/585"}],"wp:attachment":[{"href":"https:\/\/resistenciasalona.com\/index.php?rest_route=%2Fwp%2Fv2%2Fmedia&parent=1815"}],"curies":[{"name":"wp","href":"https:\/\/api.w.org\/{rel}","templated":true}]}}